{"id":46,"date":"2024-07-31T14:15:56","date_gmt":"2024-07-31T14:15:56","guid":{"rendered":"https:\/\/aroucastore.pt\/wp\/home\/"},"modified":"2025-03-05T17:34:37","modified_gmt":"2025-03-05T17:34:37","slug":"home","status":"publish","type":"page","link":"https:\/\/aroucastore.pt\/wp\/","title":{"rendered":"Home"},"content":{"rendered":"\n\n\n<h1 style=\"background-color: rgb(187, 187, 187);\">Tecnosoft<\/h1>\n<h5><\/h5><h5><span style=\"background-color:#66a3e0;\">By AroucaStore<\/span><\/h5>\n\n\n\n\n\n<p [object NamedNodeMap]><br><\/p>\n\n<p>e<\/p>\n<h3>\n<\/h3><h3>&nbsp;<span style=\"font-family: Orbitron; font-size: 35px; font-weight: 500;\">Consum\u00edveis&nbsp; &nbsp;Toners e&nbsp; &nbsp;tinteiros novos e compat\u00edveis<\/span><\/h3>\n\n\n<p>s.<\/p>\n<h5>&nbsp;Pontos de Venda <\/h5>\n<h5>e Gest\u00e3o Comercial<\/h5>\n<p><br><\/p>\n\n\n\n<p [object NamedNodeMap]><br><\/p>\n\n\n<h6>\u00a0<\/h6>\n\n\n<h2>Artigos de\u00a0 \u00a0Papelaria<\/h2>\n\n\n\n<p><\/p><p [object=\"\" namednodemap]=\"\"><font size=\"5\"><br><\/font><\/p><p [object=\"\" namednodemap]=\"\"><font size=\"5\"><br><\/font><\/p><p><p [object=\"\" namednodemap]=\"\"><font size=\"5\"><br><\/font><\/p><p [object=\"\" namednodemap]=\"\"><font size=\"5\">CCTV<\/font><\/p><\/p><p><\/p>\n<p><br><\/p><p><br><\/p><p><br><\/p><p><br><\/p><p><span style=\"font-size: x-large; background-color: rgb(255, 255, 255); color: rgb(0, 0, 0);\">C<span style=\"background-color:#ffffff;\"><\/span>ontrolo de presen\u00e7as e acessos<\/span><br><\/p>\n\n\n\n\n\n<h3>Softwares<\/h3>\n\n\n\n\n<span style=\"color:#ffffff;\"><p><span style=\"font-family: &quot;Font Light&quot;; font-size: 16px; font-style: normal; font-variant-ligatures: normal; font-variant-caps: normal; font-weight: 400; background-color: rgb(255, 255, 255);\"><\/span><\/p><p style=\"text-align: center;\"><\/p><p style=\"text-align: center;\"><span style=\"font-size:normal;\"><\/span><\/p><p><\/p><ul><li style=\"text-align: center;\"><span style=\"font-style: normal; font-variant-ligatures: normal; font-variant-caps: normal; font-weight: 400; background-color: rgb(255, 255, 255); font-family: &quot;Font Semibold&quot;; font-size: 18px;\"><span style=\"font-family: &quot;Font Semibold&quot;; font-size: 18px; font-style: normal; font-variant-ligatures: normal; font-variant-caps: normal; font-weight: 400;\"><\/span><\/span><\/li><span style=\"font-size:normal;\"><li style=\"text-align: center;\"><font color=\"#161615\" face=\"Font Semibold\"><span style=\"background-color: rgb(255, 255, 255);\"><\/span><\/font><\/li><span style=\"line-height:0.9;\"><li style=\"text-align: center;\"><font color=\"#161615\" face=\"Font Semibold\"><span style=\"background-color: rgb(255, 255, 255);\"><\/span><\/font><\/li><\/span><\/span><\/ul><\/span><span style=\"background-color:#e60000;\"><span style=\"color:#ffffff;\"><ul><span style=\"font-size:normal;\"><span style=\"line-height:0.9;\"><li style=\"text-align: center;\"><font color=\"#161615\" face=\"Font Semibold\"><span style=\"\">Restaurante e Similares&nbsp;<\/span><\/font><\/li><\/span><\/span><\/ul><p><\/p><\/span><p style=\"text-align: center;\"><\/p><p style=\"text-align: center;\"><span style=\"font-size:normal;\"><\/span><\/p><p><\/p><ul><span style=\"font-size:normal;\"><span style=\"line-height:0.9;\"><li style=\"text-align: center;\"><font color=\"#161615\" face=\"Font Semibold\"><span style=\"\"><\/span><\/font><\/li><li style=\"text-align: center;\"><\/li><\/span><li style=\"text-align: center;\"><font color=\"#161615\" face=\"Font Semibold\"><span style=\"\"><\/span><\/font><\/li><span style=\"line-height: 0.9; font-size: x-small;\"><li style=\"text-align: center;\"><\/li><\/span><\/span><\/ul><p><\/p><\/span><p style=\"text-align: center;\"><p style=\"text-align: center;\"><span style=\"font-size:normal;\"><p><ul><span style=\"font-size:normal;\"><span style=\"line-height: 0.9; font-size: x-small;\"><li style=\"text-align: center;\"><font color=\"#161615\" face=\"Font Semibold\"><span style=\"background-color: rgb(255, 255, 255);\"><\/span><\/font><\/li><\/span><span style=\"background-color:#ffffff;\"><span style=\"line-height: 0.9; font-size: x-small;\"><li style=\"text-align: center;\"><font color=\"#161615\" face=\"Font Semibold\"><span style=\"\">(ZS rest)<\/span><\/font><\/li><li style=\"text-align: center;\"><\/li><\/span><li style=\"text-align: center;\"><\/li><\/span><li style=\"text-align: center;\"><span style=\"font-style: normal; font-variant-ligatures: normal; font-variant-caps: normal; font-weight: 400; background-color: rgb(255, 255, 255); color: rgb(22, 22, 21); font-family: &quot;Font Semibold&quot;;\"><sub><\/sub><\/span><\/li><\/span><\/ul><\/p><\/span><span style=\"background-color:#ffffff;\"><span style=\"font-size:normal;\"><p><\/p><ul><span style=\"font-size:normal;\"><li style=\"text-align: center;\"><span style=\"font-style: normal; font-variant-ligatures: normal; font-variant-caps: normal; font-weight: 400; color: rgb(22, 22, 21); font-family: &quot;Font Semibold&quot;;\"><sub>Com\u00e9rcio a retalho&nbsp;<\/sub><\/span><\/li><li style=\"text-align: center;\"><span style=\"font-style: normal; font-variant-ligatures: normal; font-variant-caps: normal; font-weight: 400; color: rgb(22, 22, 21); font-family: &quot;Font Semibold&quot;;\"><sub><\/sub><\/span><\/li><\/span><\/ul><p><\/p><\/span><span style=\"font-size:x-small;\"><span style=\"font-size:normal;\"><p><\/p><ul><span style=\"font-size:normal;\"><li style=\"text-align: center;\"><\/li><\/span><\/ul><\/span><\/span><\/span><span style=\"font-size:x-small;\"><span style=\"font-size:normal;\"><ul><span style=\"font-size:normal;\"><li style=\"text-align: center;\"><span style=\"font-style: normal; font-variant-ligatures: normal; font-variant-caps: normal; font-weight: 400; background-color: rgb(255, 255, 255); color: rgb(22, 22, 21); font-family: &quot;Font Semibold&quot;;\"><sub><\/sub><\/span><\/li><\/span><\/ul><\/span><\/span><span style=\"background-color:#ffffff;\"><span style=\"font-size:x-small;\"><span style=\"font-size:normal;\"><ul><span style=\"font-size:normal;\"><li style=\"text-align: center;\"><span style=\"font-style: normal; font-variant-ligatures: normal; font-variant-caps: normal; font-weight: 400; color: rgb(22, 22, 21); font-family: &quot;Font Semibold&quot;;\"><sub>(ZS pos)<\/sub><\/span><\/li><li style=\"text-align: center;\"><\/li><\/span><li style=\"text-align: center;\"><span style=\"color: rgb(22, 22, 21); font-family: &quot;Font Semibold&quot;; font-style: normal; font-variant-ligatures: normal; font-variant-caps: normal; font-weight: 400;\"><sub><\/sub><\/span><\/li><\/ul><p><\/p><\/span><span style=\"font-size:normal;\"><span style=\"font-size:normal;\"><p><\/p><ul><li style=\"text-align: center;\"><\/li><\/ul><\/span><\/span><\/span><span style=\"font-size:normal;\"><span style=\"font-size:normal;\"><ul><li style=\"text-align: center;\"><\/li><\/ul><\/span><\/span><\/span><span style=\"font-size:normal;\"><span style=\"font-size:normal;\"><ul><li style=\"text-align: center;\"><span style=\"color: rgb(22, 22, 21); font-family: &quot;Font Semibold&quot;; font-style: normal; font-variant-ligatures: normal; font-variant-caps: normal; font-weight: 400; background-color: rgb(255, 255, 255);\"><sub><\/sub><\/span><\/li><span style=\"background-color:#ffffff;\"><li style=\"text-align: center;\"><span style=\"color: rgb(22, 22, 21); font-family: &quot;Font Semibold&quot;; font-style: normal; font-variant-ligatures: normal; font-variant-caps: normal; font-weight: 400;\"><sub>Com\u00e9rcio com mobilidade<\/sub><\/span><\/li><li style=\"text-align: center;\"><span style=\"color: rgb(22, 22, 21); font-family: &quot;Font Semibold&quot;; font-style: normal; font-variant-ligatures: normal; font-variant-caps: normal; font-weight: 400;\"><sub><\/sub><\/span><\/li><span style=\"font-size:x-small;\"><li style=\"text-align: center;\"><\/li><\/span><\/span><span style=\"font-size:x-small;\"><li style=\"text-align: center;\"><span style=\"color: rgb(22, 22, 21); font-family: &quot;Font Semibold&quot;; font-style: normal; font-variant-ligatures: normal; font-variant-caps: normal; font-weight: 400; background-color: rgb(255, 255, 255);\"><sub><\/sub><\/span><\/li><\/span><span style=\"background-color:#ffffff;\"><span style=\"font-size:x-small;\"><li style=\"text-align: center;\"><span style=\"color: rgb(22, 22, 21); font-family: &quot;Font Semibold&quot;; font-style: normal; font-variant-ligatures: normal; font-variant-caps: normal; font-weight: 400;\"><sub>&nbsp;(ZS mobile)<\/sub><\/span><sub><br><\/sub><\/li><li style=\"text-align: center;\"><\/li><\/span><li style=\"text-align: center;\"><\/li><\/span><li style=\"text-align: center;\"><span style=\"color: rgb(22, 22, 21); font-family: &quot;Font Semibold&quot;; font-style: normal; font-variant-ligatures: normal; font-variant-caps: normal; font-weight: 400; background-color: rgb(255, 255, 255);\"><sub><\/sub><\/span><\/li><span style=\"background-color:#ffffff;\"><li style=\"text-align: center;\"><span style=\"color: rgb(22, 22, 21); font-family: &quot;Font Semibold&quot;; font-style: normal; font-variant-ligatures: normal; font-variant-caps: normal; font-weight: 400;\"><sub>Gest\u00e3o comercial&nbsp;<\/sub><\/span><\/li><li style=\"text-align: center;\"><sub><span style=\"color: rgb(22, 22, 21); font-family: &quot;Font Semibold&quot;; font-style: normal; font-variant-ligatures: normal; font-variant-caps: normal; font-weight: 400;\"><\/span><\/sub><\/li><span style=\"font-size:x-small;\"><sub><li style=\"text-align: center;\"><\/li><\/sub><\/span><\/span><span style=\"font-size:x-small;\"><li style=\"text-align: center;\"><span style=\"color: rgb(22, 22, 21); font-family: &quot;Font Semibold&quot;; font-style: normal; font-variant-ligatures: normal; font-variant-caps: normal; font-weight: 400; background-color: rgb(255, 255, 255);\"><span style=\"background-color: rgb(187, 187, 187);\"><sub>(ZS fact\/ZSGO)<\/sub><\/span><\/span><\/li><\/span><\/ul><p><\/p><\/span>\n<p style=\"text-align: center;\"><\/p><\/span><\/p><\/p><p style=\"text-align: center;\"><span style=\"color: rgb(22, 22, 21); font-family: &quot;Font Semibold&quot;; font-size: 18px; font-style: normal; font-variant-ligatures: normal; font-variant-caps: normal; font-weight: 400; background-color: rgb(255, 255, 255);\"><\/span><\/p><p style=\"text-align: center;\"><span style=\"font-size:normal;\"><p style=\"text-align: center;\"><span style=\"color: rgb(22, 22, 21); font-family: &quot;Font Semibold&quot;; font-style: normal; font-variant-ligatures: normal; font-variant-caps: normal; font-weight: 400; background-color: rgb(255, 255, 255);\"><\/span><\/p><\/span><span style=\"line-height:1;\"><span style=\"font-size:normal;\"><p style=\"text-align: center;\"><\/p><\/span><p style=\"text-align: center;\"><\/p><\/span><\/p>\n\n\n\n\n<span style=\"background-color: rgb(230, 0, 0);\"><span style=\"color: rgb(255, 255, 255);\"><ul><span style=\"line-height: 0.9;\"><li style=\"text-align: center;\"><font color=\"#161615\" face=\"Font Semibold\">Restaurante e Similares&nbsp;<\/font><\/li><li style=\"text-align: center;\"><font color=\"#161615\" face=\"Font Semibold\">Ggest Rest<\/font><\/li><li style=\"text-align: center;\"><font color=\"#161615\" face=\"Font Semibold\"><span style=\"font-style: normal; font-variant-ligatures: normal; font-variant-caps: normal; font-weight: 400; font-size: 15px; font-family: &quot;Source Sans Pro&quot;, sans-serif; color: rgb(112, 112, 112); background-color: rgb(255, 255, 255);\"><ul><li style=\"text-align: center;\"><span style=\"font-style: normal; font-variant-ligatures: normal; font-variant-caps: normal; font-weight: 400; font-family: &quot;Font Semibold&quot;; color: rgb(22, 22, 21);\"><span style=\"position: relative; bottom: -0.25em;\">Com\u00e9rcio a retalho&nbsp;<\/span><\/span><\/li><li style=\"text-align: center;\"><span style=\"font-style: normal; font-variant-ligatures: normal; font-variant-caps: normal; font-weight: 400; font-family: &quot;Font Semibold&quot;; color: rgb(22, 22, 21);\"><span style=\"position: relative; bottom: -0.25em;\">Ggest pos<\/span><\/span><\/li><li style=\"text-align: center;\"><span style=\"font-style: normal; font-variant-ligatures: normal; font-variant-caps: normal; font-weight: 400; font-family: &quot;Font Semibold&quot;; color: rgb(22, 22, 21);\"><span style=\"position: relative; bottom: -0.25em;\"><\/span><\/span><\/li><\/ul><p><\/p><span style=\"font-size: x-small;\"><p><\/p><ul><li style=\"text-align: center;\"><\/li><\/ul><\/span><\/span><span style=\"font-style: normal; font-variant-ligatures: normal; font-variant-caps: normal; font-weight: 400; font-size: x-small; font-family: &quot;Source Sans Pro&quot;, sans-serif; color: rgb(112, 112, 112); background-color: rgba(255, 255, 255, 0.71);\"><ul><li style=\"text-align: center;\"><span style=\"font-style: normal; font-variant-ligatures: normal; font-variant-caps: normal; font-weight: 400; font-family: &quot;Font Semibold&quot;; background-color: rgb(255, 255, 255); color: rgb(22, 22, 21);\"><span style=\"position: relative; bottom: -0.25em;\"><\/span><\/span><\/li><\/ul><\/span><span style=\"font-style: normal; font-variant-ligatures: normal; font-variant-caps: normal; font-weight: 400; font-size: 15px; font-family: &quot;Source Sans Pro&quot;, sans-serif; color: rgb(112, 112, 112); background-color: rgb(255, 255, 255);\"><span style=\"font-size: x-small;\"><ul><\/ul><\/span><\/span><\/font><\/li><\/span><\/ul><p><\/p><\/span><p style=\"text-align: center;\"><\/p><p style=\"text-align: center;\"><\/p><p><\/p><ul><span style=\"line-height: 0.9;\"><li style=\"text-align: center;\"><font color=\"#161615\" face=\"Font Semibold\"><\/font><\/li><li style=\"text-align: center;\"><\/li><\/span><li style=\"text-align: center;\"><font color=\"#161615\" face=\"Font Semibold\"><\/font><\/li><span style=\"font-size: x-small; line-height: 0.9;\"><li style=\"text-align: center;\"><\/li><\/span><\/ul><p><\/p><\/span><p style=\"text-align: center;\"><\/p><p style=\"text-align: center;\"><\/p><p><\/p><ul><span style=\"font-style: normal; font-variant-ligatures: normal; font-variant-caps: normal; font-weight: 400; font-size: x-small; line-height: 0.9; font-family: &quot;Source Sans Pro&quot;, sans-serif; color: rgb(112, 112, 112); text-align: center;\"><li style=\"text-align: center;\"><font color=\"#161615\" face=\"Font Semibold\"><span style=\"background-color: rgb(255, 255, 255);\"><\/span><\/font><\/li><\/span><span style=\"font-style: normal; font-variant-ligatures: normal; font-variant-caps: normal; font-weight: 400; font-size: 15px; font-family: &quot;Source Sans Pro&quot;, sans-serif; color: rgb(112, 112, 112); text-align: center; background-color: rgb(255, 255, 255);\"><span style=\"font-size: x-small; line-height: 0.9;\"><\/span><\/span><\/ul><ul style=\"font-style: normal; font-variant-ligatures: normal; font-variant-caps: normal; font-weight: 400; font-size: 15px; font-family: &quot;Source Sans Pro&quot;, sans-serif; color: rgb(112, 112, 112); text-align: center;\"><span style=\"background-color: rgb(255, 255, 255);\"><li style=\"text-align: center;\"><span style=\"font-style: normal; font-variant-ligatures: normal; font-variant-caps: normal; font-weight: 400; font-family: &quot;Font Semibold&quot;; color: rgb(22, 22, 21);\"><span style=\"position: relative; bottom: -0.25em;\">Gest\u00e3o comercial&nbsp;<\/span><\/span><\/li><li style=\"text-align: center;\"><span style=\"font-style: normal; font-variant-ligatures: normal; font-variant-caps: normal; font-weight: 400; font-family: &quot;Font Semibold&quot;; color: rgb(22, 22, 21);\"><span style=\"position: relative; bottom: -0.25em;\">Ggest<\/span><\/span><\/li><\/span><\/ul>\n\n\n\n\n<p style=\"text-align: center;\"><span style=\"font-style: normal; font-variant-ligatures: normal; font-variant-caps: normal; background-color: rgb(245, 245, 245); color: rgb(136, 196, 37); font-family: &quot;Open Sans&quot;, sans-serif; font-size: 14px; font-weight: 100;\">MSS \u2013 Mobile Sales System<\/span><span style=\"font-size: 15px;\">&nbsp;<\/span><\/p><p style=\"text-align: center;\"><br><\/p><p style=\"text-align: center;\"><span style=\"line-height: 1;\"><\/span><\/p><p style=\"text-align: left;\"><ul style=\"font-size: x-small;\"><li style=\"text-align: left;\"><span style=\"font-size: x-small; line-height: 1;\"><\/span><\/li><span style=\"color:#000000;\"><li style=\"text-align: left;\"><span style=\"font-size: x-small; line-height: 1;\">\u00c9 um produto desenhado para as \u00e1reas comerciais e t\u00e9cnicas que necessitam de realizar as suas tarefas no terreno utilizando dispositivos m\u00f3veis, podendo funcionar de forma offline, sincronizando os dados com o ERP de forma segura e r\u00e1pida.<\/span><\/li><span style=\"font-size:x-small;\"><li><span style=\"line-height: 1;\"><\/span><\/li><\/span><li style=\"text-align: left;\"><\/li><\/span><li style=\"text-align: left;\"><span style=\"font-size: x-small; line-height: 1;\"><\/span><\/li><span style=\"color:#000000;\"><li style=\"text-align: left;\"><span style=\"font-size: x-small; line-height: 1;\">O MSS cobre v\u00e1rias \u00e1reas funcionais que v\u00e3o desde a ajuda na prospe\u00e7\u00e3o, oportunidades de neg\u00f3cio, registo de visitas, pr\u00e9-venda, cat\u00e1logo digital, auto venda, cobran\u00e7as, dashboards, confirma\u00e7\u00e3o de entregas, servi\u00e7os t\u00e9cnicos e supervis\u00e3o.<\/span><\/li><li style=\"text-align: center;\"><\/li><\/span><li style=\"text-align: center;\"><span style=\"font-size: x-small; line-height: 1;\"><strong><br><\/strong><\/span><\/li><li style=\"text-align: center;\"><span style=\"font-size: x-small; line-height: 1;\"><strong><\/strong><\/span><\/li><span style=\"color:#000000;\"><li style=\"text-align: center;\"><span style=\"font-size: x-small; line-height: 1;\"><strong>MyMSS<\/strong><\/span><\/li><li style=\"text-align: center;\"><\/li><\/span><li style=\"text-align: center;\"><span style=\"font-size: x-small; line-height: 1;\"><strong><br><\/strong><\/span><\/li><li style=\"text-align: center;\"><span style=\"font-size: x-small; line-height: 1;\"><strong><\/strong><\/span><\/li><span style=\"color:#000000;\"><li style=\"text-align: center;\"><span style=\"font-size: x-small; line-height: 1;\"><strong>MyTeam<\/strong><\/span><\/li><li style=\"text-align: center;\"><\/li><\/span><li style=\"text-align: center;\"><span style=\"font-size: x-small; line-height: 1;\"><strong><br><\/strong><\/span><\/li><li style=\"text-align: center;\"><span style=\"font-size: x-small; line-height: 1; color: rgb(0, 0, 0);\"><strong>MSSPOD<\/strong><\/span><\/li><\/ul><\/p><p style=\"text-align: left;\"><p><\/p><\/p><p style=\"text-align: left;\"><span style=\"font-size:x-small;\"><\/span><\/p><p style=\"text-align: left;\"><span style=\"line-height: 1;\"><\/span><\/p><ul><li style=\"text-align: left;\"><span style=\"line-height: 1;\"><\/span><\/li><\/ul><ul><li style=\"text-align: left;\"><\/li><\/ul><p style=\"text-align: left;\"><p><\/p><p style=\"font-style: normal; font-variant-ligatures: normal; font-variant-caps: normal; font-weight: 400; font-family: &quot;Source Sans Pro&quot;, sans-serif; text-align: center;\"><\/p><\/p><ul><li style=\"text-align: left;\"><span style=\"background-color: rgb(245, 245, 245); color: rgb(119, 119, 119); font-family: Arial; font-size: 16px; font-style: normal; font-variant-ligatures: normal; font-variant-caps: normal; font-weight: 300;\"><\/span><\/li><\/ul><p style=\"text-align: left;\"><p><\/p><\/p>\n\n\n\n<p style=\"text-align: center;\"><span style=\"font-size: 15px;\"><\/span><span style=\"color:#000000;\"><\/span><span style=\"font-size: 15px;\"><\/span><\/p><span style=\"color:#000000;\"><span style=\"\"><div style=\"text-align: center;\"><\/div><\/span><span style=\"\"><\/span><ul><li style=\"text-align: center;\"><span style=\"font-size: 15px;\">Anti V\u00edrus<\/span><span style=\"font-size: 15px; color: rgb(0, 0, 0);\">Office<\/span><\/li><span style=\"color:#000000;\"><li style=\"text-align: center;\">Windows<\/li><\/span><li style=\"text-align: center;\"><span style=\"font-size: 15px;\">Gest\u00e3o de Filas<\/span><\/li><\/ul><\/span><ul><span style=\"color:#000000;\"><span style=\"\"><li style=\"text-align: center;\">Pagamentos Digitais<\/li><\/span><\/span><\/ul><ul><span style=\"color: rgb(0, 0, 0); text-align: center;\"><span style=\"\"><li>Alojamento Online<\/li><\/span><\/span><\/ul><ul><span style=\"color: rgb(0, 0, 0); text-align: center;\"><span style=\"\"><li>Lojas Online e Sites<\/li><\/span><\/span><\/ul><ul><span style=\"color: rgb(0, 0, 0); text-align: center;\"><span style=\"\"><li>Dom\u00ednios<\/li><\/span><\/span><\/ul>\n\n\n\n\n\n\n<h3><mark style=\"background-color: rgba(0, 0, 0, 0); color: rgb(255, 255, 255);\" class=\"has-inline-color has-black-color\">Solu\u00e7\u00f5es de impress\u00e3o Industrial<\/mark><\/h3>\n\n\n\n<p>AURUMPRESS \u00e9 uma impressora de impress\u00e3o t\u00e9rmica hidr\u00e1ulica para impress\u00e3o com folhas prateadas e met\u00e1licas, em cores pastel ou mesmo simplesmente transparentes brilhantes para destacar logotipos e escritos.<br><a href=\"https:\/\/www.printsolutionsrl.it\/en\/prodotti\/aurumpress\"><\/a><\/p>\n\n<p>GreenBox EVO: a revolu\u00e7\u00e3o na impress\u00e3o direta em embalagens de papel\u00e3o, papel e juta<br>O Sistema Digital&nbsp;GreenBox EVO&nbsp;representa o futuro da impress\u00e3o direta em embalagens de papel\u00e3o, papel e juta. Derivado do sucesso excepcional de nossa GreenBox, uma de nossas impressoras de papel\u00e3o e embalagens mais vendidas, a&nbsp;GreenBox EVO&nbsp;\u00e9 o resultado de anos de experi\u00eancia na ind\u00fastria de impress\u00e3o em materiais de embalagem.<\/p>\n\n\n<p>Greenbox EASY: A revolu\u00e7\u00e3o acess\u00edvel na impress\u00e3o direta em embalagens de papel\u00e3o, papel e juta<br>O Sistema Digital Greenbox EASY \u00e9 a solu\u00e7\u00e3o perfeita para quem procura uma impressora vers\u00e1til, econ\u00f4mica e de alto desempenho para impress\u00e3o direta em embalagens de papel\u00e3o, papel e juta. Derivado da linha de sucesso de nossas impressoras de papel\u00e3o e embalagens, o Greenbox EASY oferece desempenho avan\u00e7ado sem sacrificar a facilidade de uso e a conveni\u00eancia.<\/p><p><br><\/p><p><br><\/p><p><br><\/p><p><br><\/p><p><br><\/p>\n<p>Com uma&nbsp;velocidade de impress\u00e3o&nbsp;vari\u00e1vel at\u00e9&nbsp;36 metros por minuto, uma resolu\u00e7\u00e3o m\u00e1xima de&nbsp;1200 Dpi, uma passagem m\u00e1xima de cart\u00e3o de&nbsp;1 metro e&nbsp;a utiliza\u00e7\u00e3o de&nbsp;Tintas Pigmentadas \u00e0 Base de \u00c1gua,&nbsp;a nova&nbsp;NS MULTI 800&nbsp;\u00e9 a solu\u00e7\u00e3o digital ideal para impress\u00e3o direta em papel e cart\u00e3o se pretende investir na Solu\u00e7\u00e3o com o menor custo de impress\u00e3o atualmente dispon\u00edvel na \u00e1rea da impress\u00e3o digital direta em embalagens.<\/p><p><br><\/p><p><br><\/p><p><br><\/p><p><br><\/p><p><br><\/p>\n\n\n<p>Impress\u00e3o em embalagens e materiais sint\u00e9ticos com PackPrinter-UV: a revolu\u00e7\u00e3o da impressora digital<br>A evolu\u00e7\u00e3o tecnol\u00f3gica no campo da impress\u00e3o digital abriu novas oportunidades e desafios para empresas que desejam se destacar no mercado de personaliza\u00e7\u00e3o de embalagens e materiais sint\u00e9ticos. Neste contexto, a&nbsp;Packprinter-UV&nbsp;surge como um catalisador da inova\u00e7\u00e3o, revolucionando a impress\u00e3o numa&nbsp;vasta gama de materiais porosos e n\u00e3o porosos com um desempenho excecional.<\/p><p><br><\/p><p><br><\/p>\n<p>De f\u00e1cil utiliza\u00e7\u00e3o e extremamente vers\u00e1til,&nbsp;a Greenbox&nbsp;representa a solu\u00e7\u00e3o digital para entrar no mundo da Impress\u00e3o Direta de Embalagens com um pequeno investimento, especialmente para o mercado em constante crescimento representado pela necessidade de personalizar caixas, sacos de transporte e sacos de papel (Shopper), e Juta em pequenas e m\u00e9dias tiragens.<\/p><p><br><\/p><p><br><\/p><p><br><\/p><p><br><\/p><p><br><\/p><p><br><\/p><p><br><\/p>\n\n\n\n\n\n\n<h2>M\u00e1quinas de Pagamento Autom\u00e1tico<\/h2>\n\n\n\n\n\n\n\n<p>Lorem Ipsum has been the industry&#8217;s standard dummy text ever since the 1500s.<\/p>\n\n\n<p>Lorem Ipsum has been the industry&#8217;s standard dummy text ever since the 1500s.<\/p>\n\n\n<p>Lorem Ipsum has been the industry&#8217;s standard dummy text ever since the 1500s.<\/p>\n\n\n\n\n<p>Lorem Ipsum has been the industry&#8217;s standard dummy text ever since the 1500s.<\/p>\n\n\n<p>Lorem Ipsum has been the industry&#8217;s standard dummy text ever since the 1500s.<\/p>\n\n\n<p>Lorem Ipsum has been the industry&#8217;s standard dummy text ever since the 1500s.<\/p>\n\n\n<p>Lorem Ipsum has been the industry&#8217;s standard dummy text ever since the 1500s.<\/p>\n\n\n","protected":false},"excerpt":{"rendered":"","protected":false},"author":0,"featured_media":0,"parent":0,"menu_order":0,"comment_status":"closed","ping_status":"closed","template":"","meta":{"pagelayer_contact_templates":[],"_pagelayer_content":"","footnotes":""},"class_list":["post-46","page","type-page","status-publish","hentry"],"_links":{"self":[{"href":"https:\/\/aroucastore.pt\/wp\/wp-json\/wp\/v2\/pages\/46","targetHints":{"allow":["GET"]}}],"collection":[{"href":"https:\/\/aroucastore.pt\/wp\/wp-json\/wp\/v2\/pages"}],"about":[{"href":"https:\/\/aroucastore.pt\/wp\/wp-json\/wp\/v2\/types\/page"}],"replies":[{"embeddable":true,"href":"https:\/\/aroucastore.pt\/wp\/wp-json\/wp\/v2\/comments?post=46"}],"version-history":[{"count":63,"href":"https:\/\/aroucastore.pt\/wp\/wp-json\/wp\/v2\/pages\/46\/revisions"}],"predecessor-version":[{"id":192,"href":"https:\/\/aroucastore.pt\/wp\/wp-json\/wp\/v2\/pages\/46\/revisions\/192"}],"wp:attachment":[{"href":"https:\/\/aroucastore.pt\/wp\/wp-json\/wp\/v2\/media?parent=46"}],"curies":[{"name":"wp","href":"https:\/\/api.w.org\/{rel}","templated":true}]}}